{"id":32,"date":"2025-05-13T00:22:30","date_gmt":"2025-05-13T00:22:30","guid":{"rendered":"https:\/\/ballooninagadir.com\/?page_id=32"},"modified":"2025-07-08T17:35:46","modified_gmt":"2025-07-08T17:35:46","slug":"services","status":"publish","type":"page","link":"https:\/\/ballooninagadir.com\/es\/services\/","title":{"rendered":"Servicios"},"content":{"rendered":"<div data-elementor-type=\"wp-page\" data-elementor-id=\"32\" class=\"elementor elementor-32\" data-elementor-post-type=\"page\">\n\t\t\t\t<div class=\"elementor-element elementor-element-632a7fa e-flex e-con-boxed e-con e-parent\" data-id=\"632a7fa\" data-element_type=\"container\" data-e-type=\"container\" data-settings=\"{&quot;background_background&quot;:&quot;classic&quot;}\">\n\t\t\t\t\t<div class=\"e-con-inner\">\n\t\t<div class=\"elementor-element elementor-element-868c7c6 e-con-full e-flex e-con e-child\" data-id=\"868c7c6\" data-element_type=\"container\" data-e-type=\"container\">\n\t\t\t\t<div class=\"elementor-element elementor-element-735da12 elementor-widget elementor-widget-heading\" data-id=\"735da12\" data-element_type=\"widget\" data-e-type=\"widget\" data-widget_type=\"heading.default\">\n\t\t\t\t<div class=\"elementor-widget-container\">\n\t\t\t\t\t<h1 class=\"elementor-heading-title elementor-size-default\"> <span style=\"text-transform:uppercase\">S<\/span>ervices<\/h1>\t\t\t\t<\/div>\n\t\t\t\t<\/div>\n\t\t\t\t<\/div>\n\t\t\t\t\t<\/div>\n\t\t\t\t<\/div>\n\t\t<div class=\"elementor-element elementor-element-f5f6775 e-flex e-con-boxed e-con e-parent\" data-id=\"f5f6775\" data-element_type=\"container\" data-e-type=\"container\">\n\t\t\t\t\t<div class=\"e-con-inner\">\n\t\t\t\t<div class=\"elementor-element elementor-element-daa96c5 elementor-widget elementor-widget-html\" data-id=\"daa96c5\" data-element_type=\"widget\" data-e-type=\"widget\" data-widget_type=\"html.default\">\n\t\t\t\t<div class=\"elementor-widget-container\">\n\t\t\t\t\t<h2 style=\"text-align: center;\"> <span style=\"text-transform:uppercase\">I<\/span>nformations Tr\u00e8s importantes \u00e0 savoir avant l\u2019activit\u00e9 !!!<\/h2>\t\t\t\t<\/div>\n\t\t\t\t<\/div>\n\t\t\t\t\t<\/div>\n\t\t\t\t<\/div>\n\t\t<div class=\"elementor-element elementor-element-fc88f7b e-flex e-con-boxed e-con e-parent\" data-id=\"fc88f7b\" data-element_type=\"container\" data-e-type=\"container\">\n\t\t\t\t\t<div class=\"e-con-inner\">\n\t\t<div class=\"elementor-element elementor-element-95147bf e-con-full e-flex e-con e-child\" data-id=\"95147bf\" data-element_type=\"container\" data-e-type=\"container\">\n\t\t\t\t<div class=\"elementor-element elementor-element-4386401 elementor-position-top elementor-widget elementor-widget-image-box\" data-id=\"4386401\" data-element_type=\"widget\" data-e-type=\"widget\" data-widget_type=\"image-box.default\">\n\t\t\t\t<div class=\"elementor-widget-container\">\n\t\t\t\t\t<div class=\"elementor-image-box-wrapper\"><figure class=\"elementor-image-box-img\"><img fetchpriority=\"high\" decoding=\"async\" width=\"500\" height=\"500\" src=\"https:\/\/ballooninagadir.com\/wp-content\/uploads\/2025\/06\/img01.png\" class=\"attachment-full size-full wp-image-1696\" alt=\"\" srcset=\"https:\/\/ballooninagadir.com\/wp-content\/uploads\/2025\/06\/img01.png 500w, https:\/\/ballooninagadir.com\/wp-content\/uploads\/2025\/06\/img01-300x300.png 300w, https:\/\/ballooninagadir.com\/wp-content\/uploads\/2025\/06\/img01-150x150.png 150w\" sizes=\"(max-width: 500px) 100vw, 500px\" \/><\/figure><div class=\"elementor-image-box-content\"><p class=\"elementor-image-box-description\">La consommation d\u2019alcool est strictement interdite pendant toute la dur\u00e9e de l\u2019activit\u00e9 .<\/p><\/div><\/div>\t\t\t\t<\/div>\n\t\t\t\t<\/div>\n\t\t\t\t<\/div>\n\t\t<div class=\"elementor-element elementor-element-4b4c084 e-con-full e-flex e-con e-child\" data-id=\"4b4c084\" data-element_type=\"container\" data-e-type=\"container\">\n\t\t\t\t<div class=\"elementor-element elementor-element-c0a5ce2 elementor-position-top elementor-widget elementor-widget-image-box\" data-id=\"c0a5ce2\" data-element_type=\"widget\" data-e-type=\"widget\" data-widget_type=\"image-box.default\">\n\t\t\t\t<div class=\"elementor-widget-container\">\n\t\t\t\t\t<div class=\"elementor-image-box-wrapper\"><figure class=\"elementor-image-box-img\"><img decoding=\"async\" width=\"500\" height=\"500\" src=\"https:\/\/ballooninagadir.com\/wp-content\/uploads\/2025\/06\/icon2.png\" class=\"attachment-full size-full wp-image-1698\" alt=\"\" srcset=\"https:\/\/ballooninagadir.com\/wp-content\/uploads\/2025\/06\/icon2.png 500w, https:\/\/ballooninagadir.com\/wp-content\/uploads\/2025\/06\/icon2-300x300.png 300w, https:\/\/ballooninagadir.com\/wp-content\/uploads\/2025\/06\/icon2-150x150.png 150w\" sizes=\"(max-width: 500px) 100vw, 500px\" \/><\/figure><div class=\"elementor-image-box-content\"><p class=\"elementor-image-box-description\">Les femmes enceintes Doivent consulter leurs m\u00e9decin pour savoir leurs aptitude \u00e0 participer \u00e0 l'activit\u00e9 .<\/p><\/div><\/div>\t\t\t\t<\/div>\n\t\t\t\t<\/div>\n\t\t\t\t<\/div>\n\t\t<div class=\"elementor-element elementor-element-da5e8c0 e-con-full e-flex e-con e-child\" data-id=\"da5e8c0\" data-element_type=\"container\" data-e-type=\"container\">\n\t\t\t\t<div class=\"elementor-element elementor-element-e64cafc elementor-position-top elementor-widget elementor-widget-image-box\" data-id=\"e64cafc\" data-element_type=\"widget\" data-e-type=\"widget\" data-widget_type=\"image-box.default\">\n\t\t\t\t<div class=\"elementor-widget-container\">\n\t\t\t\t\t<div class=\"elementor-image-box-wrapper\"><figure class=\"elementor-image-box-img\"><img decoding=\"async\" width=\"500\" height=\"500\" src=\"https:\/\/ballooninagadir.com\/wp-content\/uploads\/2025\/06\/ICPON4.png\" class=\"attachment-full size-full wp-image-1700\" alt=\"\" srcset=\"https:\/\/ballooninagadir.com\/wp-content\/uploads\/2025\/06\/ICPON4.png 500w, https:\/\/ballooninagadir.com\/wp-content\/uploads\/2025\/06\/ICPON4-300x300.png 300w, https:\/\/ballooninagadir.com\/wp-content\/uploads\/2025\/06\/ICPON4-150x150.png 150w\" sizes=\"(max-width: 500px) 100vw, 500px\" \/><\/figure><div class=\"elementor-image-box-content\"><p class=\"elementor-image-box-description\">Si le poids du passager d\u00e9passe  les cents kilos Veuillez le signaler lors de votre r\u00e9servation<\/p><\/div><\/div>\t\t\t\t<\/div>\n\t\t\t\t<\/div>\n\t\t\t\t<\/div>\n\t\t<div class=\"elementor-element elementor-element-5281418 e-con-full e-flex e-con e-child\" data-id=\"5281418\" data-element_type=\"container\" data-e-type=\"container\">\n\t\t\t\t<div class=\"elementor-element elementor-element-de972bb elementor-position-top elementor-widget elementor-widget-image-box\" data-id=\"de972bb\" data-element_type=\"widget\" data-e-type=\"widget\" data-widget_type=\"image-box.default\">\n\t\t\t\t<div class=\"elementor-widget-container\">\n\t\t\t\t\t<div class=\"elementor-image-box-wrapper\"><figure class=\"elementor-image-box-img\"><img loading=\"lazy\" decoding=\"async\" width=\"500\" height=\"500\" src=\"https:\/\/ballooninagadir.com\/wp-content\/uploads\/2025\/06\/ICON.png\" class=\"attachment-full size-full wp-image-1701\" alt=\"\" srcset=\"https:\/\/ballooninagadir.com\/wp-content\/uploads\/2025\/06\/ICON.png 500w, https:\/\/ballooninagadir.com\/wp-content\/uploads\/2025\/06\/ICON-300x300.png 300w, https:\/\/ballooninagadir.com\/wp-content\/uploads\/2025\/06\/ICON-150x150.png 150w\" sizes=\"(max-width: 500px) 100vw, 500px\" \/><\/figure><div class=\"elementor-image-box-content\"><p class=\"elementor-image-box-description\">Toute annulation devra se faire 24 heures avant le d\u00e9part , dans le cas contraire l\u2019activit\u00e9 sera comptabilis\u00e9e et d\u00fb .<\/p><\/div><\/div>\t\t\t\t<\/div>\n\t\t\t\t<\/div>\n\t\t\t\t<\/div>\n\t\t\t\t\t<\/div>\n\t\t\t\t<\/div>\n\t\t<div class=\"elementor-element elementor-element-3556396 e-flex e-con-boxed e-con e-parent\" data-id=\"3556396\" data-element_type=\"container\" data-e-type=\"container\">\n\t\t\t\t\t<div class=\"e-con-inner\">\n\t\t<div class=\"elementor-element elementor-element-4aed0b7 e-con-full e-flex e-con e-child\" data-id=\"4aed0b7\" data-element_type=\"container\" data-e-type=\"container\">\n\t\t\t\t<div class=\"elementor-element elementor-element-ee0109a elementor-position-top elementor-widget elementor-widget-image-box\" data-id=\"ee0109a\" data-element_type=\"widget\" data-e-type=\"widget\" data-widget_type=\"image-box.default\">\n\t\t\t\t<div class=\"elementor-widget-container\">\n\t\t\t\t\t<div class=\"elementor-image-box-wrapper\"><figure class=\"elementor-image-box-img\"><img loading=\"lazy\" decoding=\"async\" width=\"500\" height=\"500\" src=\"https:\/\/ballooninagadir.com\/wp-content\/uploads\/2025\/06\/ICON3.png\" class=\"attachment-full size-full wp-image-1699\" alt=\"\" srcset=\"https:\/\/ballooninagadir.com\/wp-content\/uploads\/2025\/06\/ICON3.png 500w, https:\/\/ballooninagadir.com\/wp-content\/uploads\/2025\/06\/ICON3-300x300.png 300w, https:\/\/ballooninagadir.com\/wp-content\/uploads\/2025\/06\/ICON3-150x150.png 150w\" sizes=\"(max-width: 500px) 100vw, 500px\" \/><\/figure><div class=\"elementor-image-box-content\"><p class=\"elementor-image-box-description\">Les sandales et les talons aiguilles sont d\u00e9conseill\u00e9 pour pouvoir acc\u00e9der plus  facilement \u00e0 la nacelle et pour \u00e9viter de se blesser sur le terrain .<\/p><\/div><\/div>\t\t\t\t<\/div>\n\t\t\t\t<\/div>\n\t\t\t\t<\/div>\n\t\t<div class=\"elementor-element elementor-element-b64f659 e-con-full e-flex e-con e-child\" data-id=\"b64f659\" data-element_type=\"container\" data-e-type=\"container\">\n\t\t\t\t<div class=\"elementor-element elementor-element-b28bac5 elementor-position-top elementor-widget elementor-widget-image-box\" data-id=\"b28bac5\" data-element_type=\"widget\" data-e-type=\"widget\" data-widget_type=\"image-box.default\">\n\t\t\t\t<div class=\"elementor-widget-container\">\n\t\t\t\t\t<div class=\"elementor-image-box-wrapper\"><figure class=\"elementor-image-box-img\"><img loading=\"lazy\" decoding=\"async\" width=\"500\" height=\"500\" src=\"https:\/\/ballooninagadir.com\/wp-content\/uploads\/2025\/06\/icon6.png\" class=\"attachment-full size-full wp-image-1710\" alt=\"\" srcset=\"https:\/\/ballooninagadir.com\/wp-content\/uploads\/2025\/06\/icon6.png 500w, https:\/\/ballooninagadir.com\/wp-content\/uploads\/2025\/06\/icon6-300x300.png 300w, https:\/\/ballooninagadir.com\/wp-content\/uploads\/2025\/06\/icon6-150x150.png 150w\" sizes=\"(max-width: 500px) 100vw, 500px\" \/><\/figure><div class=\"elementor-image-box-content\"><p class=\"elementor-image-box-description\">Pour une organisation optimale de l'activit\u00e9 merci d'\u00eatre \u00e0 l'heure du rendez-vous a l'endroit convenu Votre chauffeur vous attendra 5 minute apr\u00e8s si vous n'etes pas la il sera oblig\u00e9 de partir pour ne pas sanctionner les autres participants .<\/p><\/div><\/div>\t\t\t\t<\/div>\n\t\t\t\t<\/div>\n\t\t\t\t<\/div>\n\t\t<div class=\"elementor-element elementor-element-9ce8b0c e-con-full e-flex e-con e-child\" data-id=\"9ce8b0c\" data-element_type=\"container\" data-e-type=\"container\">\n\t\t\t\t<div class=\"elementor-element elementor-element-85cffe8 elementor-position-top elementor-widget elementor-widget-image-box\" data-id=\"85cffe8\" data-element_type=\"widget\" data-e-type=\"widget\" data-widget_type=\"image-box.default\">\n\t\t\t\t<div class=\"elementor-widget-container\">\n\t\t\t\t\t<div class=\"elementor-image-box-wrapper\"><figure class=\"elementor-image-box-img\"><img loading=\"lazy\" decoding=\"async\" width=\"500\" height=\"500\" src=\"https:\/\/ballooninagadir.com\/wp-content\/uploads\/2025\/06\/ICON3009.png\" class=\"attachment-full size-full wp-image-2200\" alt=\"\" srcset=\"https:\/\/ballooninagadir.com\/wp-content\/uploads\/2025\/06\/ICON3009.png 500w, https:\/\/ballooninagadir.com\/wp-content\/uploads\/2025\/06\/ICON3009-300x300.png 300w, https:\/\/ballooninagadir.com\/wp-content\/uploads\/2025\/06\/ICON3009-150x150.png 150w\" sizes=\"(max-width: 500px) 100vw, 500px\" \/><\/figure><div class=\"elementor-image-box-content\"><p class=\"elementor-image-box-description\">Veuillez vous assurez lors du rendez-vous que le transport que vous prenez est bien celui de notre soci\u00e9t\u00e9 et non un autre sinon vous risquez d'\u00eatre consid\u00e9r\u00e9 comme non pr\u00e9sent \u00e0 l'activit\u00e9 .<\/p><\/div><\/div>\t\t\t\t<\/div>\n\t\t\t\t<\/div>\n\t\t\t\t<\/div>\n\t\t<div class=\"elementor-element elementor-element-cc0217c e-con-full e-flex e-con e-child\" data-id=\"cc0217c\" data-element_type=\"container\" data-e-type=\"container\">\n\t\t\t\t<div class=\"elementor-element elementor-element-565ee26 elementor-position-top elementor-widget elementor-widget-image-box\" data-id=\"565ee26\" data-element_type=\"widget\" data-e-type=\"widget\" data-widget_type=\"image-box.default\">\n\t\t\t\t<div class=\"elementor-widget-container\">\n\t\t\t\t\t<div class=\"elementor-image-box-wrapper\"><figure class=\"elementor-image-box-img\"><img loading=\"lazy\" decoding=\"async\" width=\"500\" height=\"500\" src=\"https:\/\/ballooninagadir.com\/wp-content\/uploads\/2025\/06\/ICON3000J.png\" class=\"attachment-full size-full wp-image-2201\" alt=\"\" srcset=\"https:\/\/ballooninagadir.com\/wp-content\/uploads\/2025\/06\/ICON3000J.png 500w, https:\/\/ballooninagadir.com\/wp-content\/uploads\/2025\/06\/ICON3000J-300x300.png 300w, https:\/\/ballooninagadir.com\/wp-content\/uploads\/2025\/06\/ICON3000J-150x150.png 150w\" sizes=\"(max-width: 500px) 100vw, 500px\" \/><\/figure><div class=\"elementor-image-box-content\"><p class=\"elementor-image-box-description\">Si vous avez des probl\u00e8mes de sant\u00e9 veuillez consulter votre m\u00e9decin pour savoir si vous pouvez participer \u00e0 l'activit\u00e9 .<\/p><\/div><\/div>\t\t\t\t<\/div>\n\t\t\t\t<\/div>\n\t\t\t\t<\/div>\n\t\t\t\t\t<\/div>\n\t\t\t\t<\/div>\n\t\t\t\t<\/div>","protected":false},"excerpt":{"rendered":"<p>Services Informations Tr\u00e8s importantes \u00e0 savoir avant l\u2019activit\u00e9 !!! La consommation d\u2019alcool est strictement interdite pendant toute la dur\u00e9e de l\u2019activit\u00e9 . Les femmes enceintes Doivent consulter leurs m\u00e9decin pour savoir leurs aptitude \u00e0 participer \u00e0 l&rsquo;activit\u00e9 . Si le poids du passager d\u00e9passe les cents kilos Veuillez le signaler lors de votre r\u00e9servation Toute [&hellip;]<\/p>\n","protected":false},"author":1,"featured_media":0,"parent":0,"menu_order":0,"comment_status":"closed","ping_status":"closed","template":"","meta":{"site-sidebar-layout":"no-sidebar","site-content-layout":"page-builder","ast-site-content-layout":"default","site-content-style":"default","site-sidebar-style":"default","ast-global-header-display":"","ast-banner-title-visibility":"","ast-main-header-display":"","ast-hfb-above-header-display":"","ast-hfb-below-header-display":"","ast-hfb-mobile-header-display":"","site-post-title":"disabled","ast-breadcrumbs-content":"","ast-featured-img":"","footer-sml-layout":"","ast-disable-related-posts":"","theme-transparent-header-meta":"enabled","adv-header-id-meta":"","stick-header-meta":"","header-above-stick-meta":"","header-main-stick-meta":"","header-below-stick-meta":"","astra-migrate-meta-layouts":"default","ast-page-background-enabled":"default","ast-page-background-meta":{"desktop":{"background-color":"","background-image":"","background-repeat":"repeat","background-position":"center center","background-size":"auto","background-attachment":"scroll","background-type":"","background-media":"","overlay-type":"","overlay-color":"","overlay-opacity":"","overlay-gradient":""},"tablet":{"background-color":"","background-image":"","background-repeat":"repeat","background-position":"center center","background-size":"auto","background-attachment":"scroll","background-type":"","background-media":"","overlay-type":"","overlay-color":"","overlay-opacity":"","overlay-gradient":""},"mobile":{"background-color":"","background-image":"","background-repeat":"repeat","background-position":"center center","background-size":"auto","background-attachment":"scroll","background-type":"","background-media":"","overlay-type":"","overlay-color":"","overlay-opacity":"","overlay-gradient":""}},"ast-content-background-meta":{"desktop":{"background-color":"var(--ast-global-color-5)","background-image":"","background-repeat":"repeat","background-position":"center center","background-size":"auto","background-attachment":"scroll","background-type":"","background-media":"","overlay-type":"","overlay-color":"","overlay-opacity":"","overlay-gradient":""},"tablet":{"background-color":"var(--ast-global-color-5)","background-image":"","background-repeat":"repeat","background-position":"center center","background-size":"auto","background-attachment":"scroll","background-type":"","background-media":"","overlay-type":"","overlay-color":"","overlay-opacity":"","overlay-gradient":""},"mobile":{"background-color":"var(--ast-global-color-5)","background-image":"","background-repeat":"repeat","background-position":"center center","background-size":"auto","background-attachment":"scroll","background-type":"","background-media":"","overlay-type":"","overlay-color":"","overlay-opacity":"","overlay-gradient":""}},"footnotes":""},"class_list":["post-32","page","type-page","status-publish","hentry"],"_links":{"self":[{"href":"https:\/\/ballooninagadir.com\/es\/wp-json\/wp\/v2\/pages\/32","targetHints":{"allow":["GET"]}}],"collection":[{"href":"https:\/\/ballooninagadir.com\/es\/wp-json\/wp\/v2\/pages"}],"about":[{"href":"https:\/\/ballooninagadir.com\/es\/wp-json\/wp\/v2\/types\/page"}],"author":[{"embeddable":true,"href":"https:\/\/ballooninagadir.com\/es\/wp-json\/wp\/v2\/users\/1"}],"replies":[{"embeddable":true,"href":"https:\/\/ballooninagadir.com\/es\/wp-json\/wp\/v2\/comments?post=32"}],"version-history":[{"count":72,"href":"https:\/\/ballooninagadir.com\/es\/wp-json\/wp\/v2\/pages\/32\/revisions"}],"predecessor-version":[{"id":2578,"href":"https:\/\/ballooninagadir.com\/es\/wp-json\/wp\/v2\/pages\/32\/revisions\/2578"}],"wp:attachment":[{"href":"https:\/\/ballooninagadir.com\/es\/wp-json\/wp\/v2\/media?parent=32"}],"curies":[{"name":"wp","href":"https:\/\/api.w.org\/{rel}","templated":true}]}}