{"id":1488,"date":"2025-05-27T11:18:50","date_gmt":"2025-05-27T11:18:50","guid":{"rendered":"https:\/\/ballooninagadir.com\/?page_id=1488"},"modified":"2025-07-10T15:41:39","modified_gmt":"2025-07-10T15:41:39","slug":"vols","status":"publish","type":"page","link":"https:\/\/ballooninagadir.com\/de\/vols\/","title":{"rendered":"vols"},"content":{"rendered":"<div data-elementor-type=\"wp-page\" data-elementor-id=\"1488\" class=\"elementor elementor-1488\" data-elementor-post-type=\"page\">\n\t\t\t\t<div class=\"elementor-element elementor-element-0592a19 e-flex e-con-boxed e-con e-parent\" data-id=\"0592a19\" data-element_type=\"container\" data-e-type=\"container\">\n\t\t\t\t\t<div class=\"e-con-inner\">\n\t\t\t\t\t<\/div>\n\t\t\t\t<\/div>\n\t\t<div class=\"elementor-element elementor-element-d1e925b e-flex e-con-boxed e-con e-parent\" data-id=\"d1e925b\" data-element_type=\"container\" data-e-type=\"container\">\n\t\t\t\t\t<div class=\"e-con-inner\">\n\t\t<div class=\"elementor-element elementor-element-37f437c e-con-full e-flex e-con e-child\" data-id=\"37f437c\" data-element_type=\"container\" data-e-type=\"container\">\n\t\t\t\t<div class=\"elementor-element elementor-element-5492f61 elementor-position-top elementor-widget elementor-widget-image-box\" data-id=\"5492f61\" data-element_type=\"widget\" data-e-type=\"widget\" data-widget_type=\"image-box.default\">\n\t\t\t\t<div class=\"elementor-widget-container\">\n\t\t\t\t\t<div class=\"elementor-image-box-wrapper\"><figure class=\"elementor-image-box-img\"><img fetchpriority=\"high\" decoding=\"async\" width=\"360\" height=\"270\" src=\"https:\/\/ballooninagadir.com\/wp-content\/uploads\/2025\/07\/1ggddd.png\" class=\"attachment-full size-full wp-image-2314\" alt=\"\" srcset=\"https:\/\/ballooninagadir.com\/wp-content\/uploads\/2025\/07\/1ggddd.png 360w, https:\/\/ballooninagadir.com\/wp-content\/uploads\/2025\/07\/1ggddd-300x225.png 300w\" sizes=\"(max-width: 360px) 100vw, 360px\" \/><\/figure><div class=\"elementor-image-box-content\"><h3 class=\"elementor-image-box-title\"> Klassischer Flug<\/h3><p class=\"elementor-image-box-description\">Verschaffen Sie sich die Gelegenheit und das Privileg, Agadir aus der Luft mit einem Hei\u00dfluftballonflug zu entdecken. Es ist ein einzigartiges und unvergessliches Erlebnis, ideal f\u00fcr Paare, Ritter, die ihre Liebe erkl\u00e4ren m\u00f6chten, Familien oder Alleinreisende auf der Suche nach starken Gef\u00fchlen und magischen Momenten.\n<br><br>\nDur\u00e9e : entre 45mn et 1 heure de vol selon m\u00e9t\u00e9o et zone d'atterrissage . \n<br>\nTarif : 190 \u20ac par personne.\n<br><br>\nLes enfants de 3 \u00e0 9 ans : 130 \u20ac.\n<br><br>\nInklusive: 4x4 Transfer von Ihrem Hotel zum Abflughafen (Hin- und R\u00fcckfahrt), vollst\u00e4ndiges kontinentales Fr\u00fchst\u00fcck unter dem Berberzelt, Erfrischungen und Flugzertifikat.\n<br>\n\nBuchen Sie jetzt, um ein einzigartiges Luftabenteuer \u00fcber atemberaubende marokkanische Landschaften zu erleben.<\/p><\/div><\/div>\t\t\t\t<\/div>\n\t\t\t\t<\/div>\n\t\t\t\t<div class=\"elementor-element elementor-element-51b476e elementor-align-center elementor-widget elementor-widget-button\" data-id=\"51b476e\" data-element_type=\"widget\" data-e-type=\"widget\" data-widget_type=\"button.default\">\n\t\t\t\t<div class=\"elementor-widget-container\">\n\t\t\t\t\t\t\t\t\t<div class=\"elementor-button-wrapper\">\n\t\t\t\t\t<a class=\"elementor-button elementor-button-link elementor-size-sm\" href=\"https:\/\/ballooninagadir.com\/de\/rv\/\">\n\t\t\t\t\t\t<span class=\"elementor-button-content-wrapper\">\n\t\t\t\t\t\t\t\t\t<span class=\"elementor-button-text\">Klicken Sie hier<\/span>\n\t\t\t\t\t<\/span>\n\t\t\t\t\t<\/a>\n\t\t\t\t<\/div>\n\t\t\t\t\t\t\t\t<\/div>\n\t\t\t\t<\/div>\n\t\t\t\t<\/div>\n\t\t<div class=\"elementor-element elementor-element-b3f284a e-con-full e-flex e-con e-child\" data-id=\"b3f284a\" data-element_type=\"container\" data-e-type=\"container\">\n\t\t\t\t<div class=\"elementor-element elementor-element-a7feb66 elementor-position-top elementor-widget elementor-widget-image-box\" data-id=\"a7feb66\" data-element_type=\"widget\" data-e-type=\"widget\" data-widget_type=\"image-box.default\">\n\t\t\t\t<div class=\"elementor-widget-container\">\n\t\t\t\t\t<div class=\"elementor-image-box-wrapper\"><figure class=\"elementor-image-box-img\"><a href=\"#\" tabindex=\"-1\"><img decoding=\"async\" width=\"360\" height=\"270\" src=\"https:\/\/ballooninagadir.com\/wp-content\/uploads\/2025\/07\/1gg99409.png\" class=\"attachment-large size-large wp-image-2313\" alt=\"\" srcset=\"https:\/\/ballooninagadir.com\/wp-content\/uploads\/2025\/07\/1gg99409.png 360w, https:\/\/ballooninagadir.com\/wp-content\/uploads\/2025\/07\/1gg99409-300x225.png 300w\" sizes=\"(max-width: 360px) 100vw, 360px\" \/><\/a><\/figure><div class=\"elementor-image-box-content\"><h3 class=\"elementor-image-box-title\"><a href=\"#\"> Gruppenflug<\/a><\/h3><p class=\"elementor-image-box-description\">Pour les groupes  nous pratiquons des tarifs tr\u00e8s avantageux et un service parfait pour satisfaire aux exigences de tous responsable qui veut honorer son groupe .\n<br><br>\nDur\u00e9e : entre 45mn et 1 heure de vol selon m\u00e9t\u00e9o et zone d'atterrissage . \n<br><br>\nPreis: wird direkt bei der Buchung vereinbart.\n\n<br><br>\nInclus : Transfert en 4x4 de votre hote au site de d\u00e9part (aller-retour) , petit-d\u00e9jeuner Continental complet sous la tente berb\u00e8re , rafraichissements et certificat de vol .\n<br><br>\n\nR\u00e9servez d\u00e8s maintenant pour vivre une aventure a\u00e9rienne unique au-dessus de paysages marocain \u00e9poustouflants .<\/p><\/div><\/div>\t\t\t\t<\/div>\n\t\t\t\t<\/div>\n\t\t\t\t<div class=\"elementor-element elementor-element-8775c87 elementor-align-center elementor-widget elementor-widget-button\" data-id=\"8775c87\" data-element_type=\"widget\" data-e-type=\"widget\" data-widget_type=\"button.default\">\n\t\t\t\t<div class=\"elementor-widget-container\">\n\t\t\t\t\t\t\t\t\t<div class=\"elementor-button-wrapper\">\n\t\t\t\t\t<a class=\"elementor-button elementor-button-link elementor-size-sm\" href=\"https:\/\/ballooninagadir.com\/de\/rv\/\">\n\t\t\t\t\t\t<span class=\"elementor-button-content-wrapper\">\n\t\t\t\t\t\t\t\t\t<span class=\"elementor-button-text\">Klicken Sie hier<\/span>\n\t\t\t\t\t<\/span>\n\t\t\t\t\t<\/a>\n\t\t\t\t<\/div>\n\t\t\t\t\t\t\t\t<\/div>\n\t\t\t\t<\/div>\n\t\t\t\t<\/div>\n\t\t\t\t\t<\/div>\n\t\t\t\t<\/div>\n\t\t\t\t<\/div>","protected":false},"excerpt":{"rendered":"<p>Vol Classique Offrez vous l&rsquo;opportunit\u00e9 et le privil\u00e8ge de d\u00e9couvrir Agadir depuis les airs avec un vol en montgolfi\u00e8re. C&rsquo;est une exp\u00e9rience unique et inoubliable, id\u00e9ale pour les couples , les chevaliers qui veulent d\u00e9clarer leurs flammes , les familles ou les voyageurs solo \u00e0 la recherche de Sensations forte et d&rsquo;instants magique. Dur\u00e9e : [&hellip;]<\/p>\n","protected":false},"author":1,"featured_media":0,"parent":0,"menu_order":0,"comment_status":"closed","ping_status":"closed","template":"","meta":{"site-sidebar-layout":"no-sidebar","site-content-layout":"page-builder","ast-site-content-layout":"full-width-container","site-content-style":"default","site-sidebar-style":"default","ast-global-header-display":"","ast-banner-title-visibility":"","ast-main-header-display":"","ast-hfb-above-header-display":"","ast-hfb-below-header-display":"","ast-hfb-mobile-header-display":"","site-post-title":"disabled","ast-breadcrumbs-content":"","ast-featured-img":"disabled","footer-sml-layout":"","ast-disable-related-posts":"","theme-transparent-header-meta":"","adv-header-id-meta":"","stick-header-meta":"","header-above-stick-meta":"","header-main-stick-meta":"","header-below-stick-meta":"","astra-migrate-meta-layouts":"set","ast-page-background-enabled":"default","ast-page-background-meta":{"desktop":{"background-color":"","background-image":"","background-repeat":"repeat","background-position":"center center","background-size":"auto","background-attachment":"scroll","background-type":"","background-media":"","overlay-type":"","overlay-color":"","overlay-opacity":"","overlay-gradient":""},"tablet":{"background-color":"","background-image":"","background-repeat":"repeat","background-position":"center center","background-size":"auto","background-attachment":"scroll","background-type":"","background-media":"","overlay-type":"","overlay-color":"","overlay-opacity":"","overlay-gradient":""},"mobile":{"background-color":"","background-image":"","background-repeat":"repeat","background-position":"center center","background-size":"auto","background-attachment":"scroll","background-type":"","background-media":"","overlay-type":"","overlay-color":"","overlay-opacity":"","overlay-gradient":""}},"ast-content-background-meta":{"desktop":{"background-color":"var(--ast-global-color-5)","background-image":"","background-repeat":"repeat","background-position":"center center","background-size":"auto","background-attachment":"scroll","background-type":"","background-media":"","overlay-type":"","overlay-color":"","overlay-opacity":"","overlay-gradient":""},"tablet":{"background-color":"var(--ast-global-color-5)","background-image":"","background-repeat":"repeat","background-position":"center center","background-size":"auto","background-attachment":"scroll","background-type":"","background-media":"","overlay-type":"","overlay-color":"","overlay-opacity":"","overlay-gradient":""},"mobile":{"background-color":"var(--ast-global-color-5)","background-image":"","background-repeat":"repeat","background-position":"center center","background-size":"auto","background-attachment":"scroll","background-type":"","background-media":"","overlay-type":"","overlay-color":"","overlay-opacity":"","overlay-gradient":""}},"footnotes":""},"class_list":["post-1488","page","type-page","status-publish","hentry"],"_links":{"self":[{"href":"https:\/\/ballooninagadir.com\/de\/wp-json\/wp\/v2\/pages\/1488","targetHints":{"allow":["GET"]}}],"collection":[{"href":"https:\/\/ballooninagadir.com\/de\/wp-json\/wp\/v2\/pages"}],"about":[{"href":"https:\/\/ballooninagadir.com\/de\/wp-json\/wp\/v2\/types\/page"}],"author":[{"embeddable":true,"href":"https:\/\/ballooninagadir.com\/de\/wp-json\/wp\/v2\/users\/1"}],"replies":[{"embeddable":true,"href":"https:\/\/ballooninagadir.com\/de\/wp-json\/wp\/v2\/comments?post=1488"}],"version-history":[{"count":100,"href":"https:\/\/ballooninagadir.com\/de\/wp-json\/wp\/v2\/pages\/1488\/revisions"}],"predecessor-version":[{"id":2585,"href":"https:\/\/ballooninagadir.com\/de\/wp-json\/wp\/v2\/pages\/1488\/revisions\/2585"}],"wp:attachment":[{"href":"https:\/\/ballooninagadir.com\/de\/wp-json\/wp\/v2\/media?parent=1488"}],"curies":[{"name":"wp","href":"https:\/\/api.w.org\/{rel}","templated":true}]}}